{"id":2,"date":"2013-09-09T14:29:47","date_gmt":"2013-09-09T14:29:47","guid":{"rendered":"http:\/\/localhost:8080\/sagaz\/?page_id=2"},"modified":"2021-07-06T18:55:24","modified_gmt":"2021-07-06T18:55:24","slug":"a-sagaz","status":"publish","type":"page","link":"http:\/\/www.sagazaudio.com.br\/sounddesign\/?page_id=2","title":{"rendered":"A Sagaz Audio"},"content":{"rendered":"<p>Fundada no ano de 2002 para atender \u00e0 demanda do mercado audio-visual baiano, brasileiro e internacional com a produ\u00e7\u00e3o de jingles, trilhas sonoras e pe\u00e7as de \u00e1udio para r\u00e1dio, TV, internet e cinema.<\/p>\n<p>Regida pelo m\u00fasico e compositor Mois\u00e9s Souto, segue empreendendo criatividade e originalidade, junto a uma diversidade musical que passa por todos os estilos e ritmos.<\/p>\n<p>Contamos com uma equipe competente de arranjadores, m\u00fasicos, locutores e atores, que completam o nosso time de profissionais.<\/p>\n<p>Acreditamos que a parceria entre redator e compositor \u00e9 o caminho ideal para o sucesso de uma pe\u00e7a, principalmente quando se trata de jingle. Por isso estamos sempre dispostos e dispon\u00edveis para interagirmos juntos nesse processo de cria\u00e7\u00e3o.<\/p>\n<p>Somos uma Produtora que atua tamb\u00e9m no marketing pol\u00edtico, pois j\u00e1 participamos de 15 Campanhas Pol\u00edticas, com grande sucesso, em sua maioria.<\/p>\n<p>O nosso foco \u00e9 desenvolver um trabalho criativo, original e com agilidade nos prazos de entrega.<\/p>\n<p>Vamos produzir juntos?<\/p>\n<p>Endere\u00e7o:<br \/>\nAv. Almirante Marques de Le\u00e3o, n 318, Edf. Emp. da Barra &#8211; Salvador &#8211; BA<\/p>\n<p>Contatos:<br \/>\n71.98888-7715<br \/>\n71.98815-7710<\/p>\n","protected":false},"excerpt":{"rendered":"<p>Fundada no ano de 2002 para atender \u00e0 demanda do mercado audio-visual baiano, brasileiro e internacional com a produ\u00e7\u00e3o de jingles, trilhas sonoras e pe\u00e7as de \u00e1udio para r\u00e1dio, TV, internet e cinema. Regida pelo m\u00fasico e compositor Mois\u00e9s Souto, segue empreendendo criatividade e originalidade, junto a uma diversidade musical que passa por todos os [&hellip;]<\/p>\n","protected":false},"author":1,"featured_media":0,"parent":0,"menu_order":0,"comment_status":"open","ping_status":"open","template":"","meta":[],"_links":{"self":[{"href":"http:\/\/www.sagazaudio.com.br\/sounddesign\/index.php?rest_route=\/wp\/v2\/pages\/2"}],"collection":[{"href":"http:\/\/www.sagazaudio.com.br\/sounddesign\/index.php?rest_route=\/wp\/v2\/pages"}],"about":[{"href":"http:\/\/www.sagazaudio.com.br\/sounddesign\/index.php?rest_route=\/wp\/v2\/types\/page"}],"author":[{"embeddable":true,"href":"http:\/\/www.sagazaudio.com.br\/sounddesign\/index.php?rest_route=\/wp\/v2\/users\/1"}],"replies":[{"embeddable":true,"href":"http:\/\/www.sagazaudio.com.br\/sounddesign\/index.php?rest_route=%2Fwp%2Fv2%2Fcomments&post=2"}],"version-history":[{"count":5,"href":"http:\/\/www.sagazaudio.com.br\/sounddesign\/index.php?rest_route=\/wp\/v2\/pages\/2\/revisions"}],"predecessor-version":[{"id":305,"href":"http:\/\/www.sagazaudio.com.br\/sounddesign\/index.php?rest_route=\/wp\/v2\/pages\/2\/revisions\/305"}],"wp:attachment":[{"href":"http:\/\/www.sagazaudio.com.br\/sounddesign\/index.php?rest_route=%2Fwp%2Fv2%2Fmedia&parent=2"}],"curies":[{"name":"wp","href":"https:\/\/api.w.org\/{rel}","templated":true}]}}